{"id":2382,"date":"2024-04-17T07:37:55","date_gmt":"2024-04-17T05:37:55","guid":{"rendered":"https:\/\/agenciarocketmoon.com\/lahuerta\/?page_id=2382"},"modified":"2024-04-17T19:58:36","modified_gmt":"2024-04-18T01:58:36","slug":"promociones","status":"publish","type":"page","link":"https:\/\/lahuertaproject.com\/es\/promociones\/","title":{"rendered":"Promociones"},"content":{"rendered":"<div data-elementor-type=\"wp-page\" data-elementor-id=\"2382\" class=\"elementor elementor-2382\" data-elementor-post-type=\"page\">\n\t\t\t\t<div class=\"elementor-element elementor-element-ab82a5e e-flex e-con-boxed e-con e-parent\" data-id=\"ab82a5e\" data-element_type=\"container\" data-e-type=\"container\">\n\t\t\t\t\t<div class=\"e-con-inner\">\n\t\t\t\t<div class=\"elementor-element elementor-element-75f1cec elementor-widget elementor-widget-cs_title\" data-id=\"75f1cec\" data-element_type=\"widget\" data-e-type=\"widget\" data-widget_type=\"cs_title.default\">\n\t\t\t\t<div class=\"elementor-widget-container\">\n\t\t\t\t\t\n        <div class=\"cs-title-wrap text-center\">\t            <h4 class=\"cs-title color-white\">\n\t                PROMOCIONES\t            <\/h4>        <\/div>\t\t\t\t<\/div>\n\t\t\t\t<\/div>\n\t\t\t\t\t<\/div>\n\t\t\t\t<\/div>\n\t\t\t\t<section class=\"elementor-section elementor-top-section elementor-element elementor-element-d0d9ef9 cs-section-content-fullwidth elementor-section-boxed elementor-section-height-default elementor-section-height-default\" data-id=\"d0d9ef9\" data-element_type=\"section\" data-e-type=\"section\" data-settings=\"{&quot;background_background&quot;:&quot;classic&quot;}\">\n\t\t\t\t\t\t<div class=\"elementor-container elementor-column-gap-no\">\n\t\t\t\t\t<div class=\"elementor-column elementor-col-100 elementor-top-column elementor-element elementor-element-f4ddd15\" data-id=\"f4ddd15\" data-element_type=\"column\" data-e-type=\"column\">\n\t\t\t<div class=\"elementor-widget-wrap elementor-element-populated\">\n\t\t\t\t\t\t<div class=\"elementor-element elementor-element-97a5db6 elementor-view-default elementor-widget elementor-widget-icon\" data-id=\"97a5db6\" data-element_type=\"widget\" data-e-type=\"widget\" data-widget_type=\"icon.default\">\n\t\t\t\t<div class=\"elementor-widget-container\">\n\t\t\t\t\t\t\t<div class=\"elementor-icon-wrapper\">\n\t\t\t<div class=\"elementor-icon\">\n\t\t\t<svg xmlns=\"http:\/\/www.w3.org\/2000\/svg\" width=\"512\" height=\"512\" viewbox=\"0 0 512 512\" style=\"color:currentColor\" class=\"h-full w-full\"><rect width=\"512\" height=\"512\" x=\"0\" y=\"0\" rx=\"30\" fill=\"transparent\" stroke=\"transparent\" stroke-width=\"0\" stroke-opacity=\"100%\"><\/rect><svg xmlns=\"http:\/\/www.w3.org\/2000\/svg\" width=\"256px\" height=\"256px\" viewbox=\"0 0 512 512\" fill=\"currentColor\" x=\"128\" y=\"128\" style=\"display:inline-block;vertical-align:middle\"><g fill=\"currentColor\"><path fill=\"currentColor\" d=\"m495.145 15.451l-178.215.205s7.918 25.215 15.652 35.63c13.155 17.712 67.295 2.752 59.79 35.714h55.4c6.995-6.98 14.212-15.862 15.064-23.44c1.035-9.207-15.175-16.126-12.29-24.931c5.22-15.92 44.599-23.178 44.599-23.178zM256 28.311L30.455 238.82l32.666 21.777L256 83.79l192.879 176.807l32.666-21.778L256 28.31zM393 105v26.555l46 42.933V105h-46zm-137 3.209L209.318 151h93.364L256 108.209zM189.682 169l-32.727 30H279v-30h-89.318zM297 169v30h58.045l-32.727-30H297zm-159.682 48l-34.564 31.684l64.246-.288V217h-29.682zM185 217v31.316l222.76-.994L374.682 217H185zm242.303 48.236L83.02 266.773l-18.141 16.63l-.932-.622A31.64 31.64 0 0 1 60.737 295h390.526a31.64 31.64 0 0 1-3.211-12.219l-.932.621l-19.818-18.166zM32 267c-7.839 0-14 6.161-14 14s6.161 14 14 14s14-6.161 14-14s-6.161-14-14-14zm448 0c-7.839 0-14 6.161-14 14s6.161 14 14 14s14-6.161 14-14s-6.161-14-14-14zM59.656 313a31.659 31.659 0 0 1 1.08 30H103v-30H59.656zM121 313v78h46v-78h-46zm64 0v78h46v-78h-46zm64 0v30h30v-30h-30zm48 0v174h94V313h-94zm112 0v30h42.264a31.659 31.659 0 0 1 1.08-30H409zm-377 2c-7.839 0-14 6.161-14 14s6.161 14 14 14s14-6.161 14-14s-6.161-14-14-14zm448 0c-7.839 0-14 6.161-14 14s6.161 14 14 14s14-6.161 14-14s-6.161-14-14-14zM59.656 361a31.659 31.659 0 0 1 1.08 30H103v-30H59.656zM249 361v30h30v-30h-30zm160 0v30h42.264a31.659 31.659 0 0 1 1.08-30H409zm-377 2c-7.839 0-14 6.161-14 14s6.161 14 14 14s14-6.161 14-14s-6.161-14-14-14zm448 0c-7.839 0-14 6.161-14 14s6.161 14 14 14s14-6.161 14-14s-6.161-14-14-14zm-128 28h22v18h-22v-18zM59.656 409a31.659 31.659 0 0 1 1.08 30H279v-30H59.656zM409 409v30h42.264a31.659 31.659 0 0 1 1.08-30H409zm-377 2c-7.839 0-14 6.161-14 14s6.161 14 14 14s14-6.161 14-14s-6.161-14-14-14zm448 0c-7.839 0-14 6.161-14 14s6.161 14 14 14s14-6.161 14-14s-6.161-14-14-14zM32 457c-7.839 0-14 6.161-14 14s6.161 14 14 14s14-6.161 14-14s-6.161-14-14-14zm28.736 0a31.659 31.659 0 0 1-1.08 30H87v-30H60.736zM105 457v30h174v-30H105zm304 0v30h43.344a31.659 31.659 0 0 1-1.08-30H409zm71 0c-7.839 0-14 6.161-14 14s6.161 14 14 14s14-6.161 14-14s-6.161-14-14-14z\"><\/path><\/g><\/svg><\/svg>\t\t\t<\/div>\n\t\t<\/div>\n\t\t\t\t\t\t<\/div>\n\t\t\t\t<\/div>\n\t\t\t\t<div class=\"elementor-element elementor-element-fec24b3 elementor-widget elementor-widget-cs_title\" data-id=\"fec24b3\" data-element_type=\"widget\" data-e-type=\"widget\" data-widget_type=\"cs_title.default\">\n\t\t\t\t<div class=\"elementor-widget-container\">\n\t\t\t\t\t\n        <div class=\"cs-title-wrap text-center\">\t            <div class=\"cs-subtitle-wrap\"><span class=\"cs-subtitle\">Disfruta tu estancia  a un precio especial\n<\/span><\/div>\t            <h2 class=\"cs-title\">\n\t                Recibe un 20% de descuento en la reserva de 2 noches o m\u00e1s\n\t            <\/h2>\t            <div class=\"cs-title-text\">\n\t                <ul><li style=\"font-weight: 400;\" aria-level=\"1\"><span style=\"font-weight: 400;\">Promociones no acumulables, no v\u00e1lidas en d\u00edas festivos y no aplicables para estancias durante Semana Santa y el mes de Diciembre<\/span><\/li><\/ul>\t            <\/div>        <\/div>\t\t\t\t<\/div>\n\t\t\t\t<\/div>\n\t\t\t\t<div class=\"elementor-element elementor-element-3b45d5e elementor-widget elementor-widget-image\" data-id=\"3b45d5e\" data-element_type=\"widget\" data-e-type=\"widget\" data-widget_type=\"image.default\">\n\t\t\t\t<div class=\"elementor-widget-container\">\n\t\t\t\t\t\t\t\t\t\t\t\t\t\t\t<img decoding=\"async\" src=\"https:\/\/lahuertaproject.com\/wp-content\/uploads\/elementor\/thumbs\/6e524810-1d0b-4ad6-b0d5-c26a49ca454d-1-1-scaled-qq1qnnoayp528fmiewoibmihx4t5cfimtookwnu3cg.jpg\" title=\"6e524810-1d0b-4ad6-b0d5-c26a49ca454d (1)\" alt=\"6e524810-1d0b-4ad6-b0d5-c26a49ca454d (1)\" loading=\"lazy\" \/>\t\t\t\t\t\t\t\t\t\t\t\t\t\t\t<\/div>\n\t\t\t\t<\/div>\n\t\t\t\t\t<\/div>\n\t\t<\/div>\n\t\t\t\t\t<\/div>\n\t\t<\/section>\n\t\t\t\t<\/div>","protected":false},"excerpt":{"rendered":"<p>PROMOCIONES Disfruta tu estancia a un precio especial Recibe un 20% de descuento en la reserva de 2 noches o m\u00e1s Promociones no acumulables, no v\u00e1lidas en d\u00edas festivos y no aplicables para estancias durante Semana Santa y el mes de Diciembre<\/p>","protected":false},"author":1,"featured_media":0,"parent":0,"menu_order":0,"comment_status":"closed","ping_status":"closed","template":"template-fullwidth.php","meta":{"cozystay_single_page_hide_site_header":"","cozystay_single_page_site_header_source":"","cozystay_single_page_custom_site_header":"0","cozystay_single_page_custom_sticky_site_header":"0","cozystay_single_page_hide_page_title":"","cozystay_single_page_header_section_size":"","cozystay_single_page_header_background_color":"","cozystay_single_page_header_background_position_x":"center","cozystay_single_page_header_background_position_y":"center","cozystay_single_page_header_background_size":"cover","cozystay_single_page_header_background_repeat":"off","cozystay_single_page_header_background_scroll":"on","cozystay_single_page_header_text_color":"","cozystay_single_page_header_show_breadcrumb":"","cozystay_single_page_site_footer_hide_main":"","cozystay_single_custom_site_footer_main_source":"","cozystay_single_custom_site_footer_main":"0","cozystay_single_page_site_footer_hide_above":"","cozystay_single_custom_site_footer_above_source":"","cozystay_single_custom_site_footer_above":"0","cozystay_single_page_site_footer_hide_instagram":"","cozystay_single_page_site_footer_hide_bottom":"","cozystay_single_custom_mobile_menu_source":"","cozystay_single_custom_mobile_menu":"0","cozystay_single_custom_mobile_menu_animation":"","cozystay_single_custom_mobile_menu_width":"","cozystay_single_custom_mobile_menu_custom_width":375,"footnotes":""},"class_list":["post-2382","page","type-page","status-publish","hentry"],"yoast_head":"<!-- This site is optimized with the Yoast SEO plugin v27.4 - https:\/\/yoast.com\/product\/yoast-seo-wordpress\/ -->\n<title>Promociones - La Huerta Project<\/title>\n<meta name=\"robots\" content=\"index, follow, max-snippet:-1, max-image-preview:large, max-video-preview:-1\" \/>\n<link rel=\"canonical\" href=\"https:\/\/lahuertaproject.com\/es\/promociones\/\" \/>\n<meta property=\"og:locale\" content=\"es_ES\" \/>\n<meta property=\"og:type\" content=\"article\" \/>\n<meta property=\"og:title\" content=\"Promociones - La Huerta Project\" \/>\n<meta property=\"og:description\" content=\"PROMOCIONES Disfruta tu estancia a un precio especial Recibe un 20% de descuento en la reserva de 2 noches o m\u00e1s Promociones no acumulables, no v\u00e1lidas en d\u00edas festivos y no aplicables para estancias durante Semana Santa y el mes de Diciembre\" \/>\n<meta property=\"og:url\" content=\"https:\/\/lahuertaproject.com\/es\/promociones\/\" \/>\n<meta property=\"og:site_name\" content=\"La Huerta Project\" \/>\n<meta property=\"article:modified_time\" content=\"2024-04-18T01:58:36+00:00\" \/>\n<meta property=\"og:image\" content=\"https:\/\/lahuertaproject.com\/wp-content\/uploads\/elementor\/thumbs\/6e524810-1d0b-4ad6-b0d5-c26a49ca454d-1-1-scaled-qmuqszcctvwkikt28ukkv08pn5r9g46nsj07ob19ww.jpg\" \/>\n<meta name=\"twitter:card\" content=\"summary_large_image\" \/>\n<meta name=\"twitter:label1\" content=\"Tiempo de lectura\" \/>\n\t<meta name=\"twitter:data1\" content=\"1 minuto\" \/>\n<script type=\"application\/ld+json\" class=\"yoast-schema-graph\">{\"@context\":\"https:\\\/\\\/schema.org\",\"@graph\":[{\"@type\":\"WebPage\",\"@id\":\"https:\\\/\\\/lahuertaproject.com\\\/promociones\\\/\",\"url\":\"https:\\\/\\\/lahuertaproject.com\\\/promociones\\\/\",\"name\":\"Promociones - La Huerta Project\",\"isPartOf\":{\"@id\":\"https:\\\/\\\/lahuertaproject.com\\\/#website\"},\"primaryImageOfPage\":{\"@id\":\"https:\\\/\\\/lahuertaproject.com\\\/promociones\\\/#primaryimage\"},\"image\":{\"@id\":\"https:\\\/\\\/lahuertaproject.com\\\/promociones\\\/#primaryimage\"},\"thumbnailUrl\":\"https:\\\/\\\/lahuertaproject.com\\\/wp-content\\\/uploads\\\/elementor\\\/thumbs\\\/6e524810-1d0b-4ad6-b0d5-c26a49ca454d-1-1-scaled-qmuqszcctvwkikt28ukkv08pn5r9g46nsj07ob19ww.jpg\",\"datePublished\":\"2024-04-17T05:37:55+00:00\",\"dateModified\":\"2024-04-18T01:58:36+00:00\",\"breadcrumb\":{\"@id\":\"https:\\\/\\\/lahuertaproject.com\\\/promociones\\\/#breadcrumb\"},\"inLanguage\":\"es\",\"potentialAction\":[{\"@type\":\"ReadAction\",\"target\":[\"https:\\\/\\\/lahuertaproject.com\\\/promociones\\\/\"]}]},{\"@type\":\"ImageObject\",\"inLanguage\":\"es\",\"@id\":\"https:\\\/\\\/lahuertaproject.com\\\/promociones\\\/#primaryimage\",\"url\":\"https:\\\/\\\/lahuertaproject.com\\\/wp-content\\\/uploads\\\/elementor\\\/thumbs\\\/6e524810-1d0b-4ad6-b0d5-c26a49ca454d-1-1-scaled-qmuqszcctvwkikt28ukkv08pn5r9g46nsj07ob19ww.jpg\",\"contentUrl\":\"https:\\\/\\\/lahuertaproject.com\\\/wp-content\\\/uploads\\\/elementor\\\/thumbs\\\/6e524810-1d0b-4ad6-b0d5-c26a49ca454d-1-1-scaled-qmuqszcctvwkikt28ukkv08pn5r9g46nsj07ob19ww.jpg\"},{\"@type\":\"BreadcrumbList\",\"@id\":\"https:\\\/\\\/lahuertaproject.com\\\/promociones\\\/#breadcrumb\",\"itemListElement\":[{\"@type\":\"ListItem\",\"position\":1,\"name\":\"Portada\",\"item\":\"https:\\\/\\\/lahuertaproject.com\\\/\"},{\"@type\":\"ListItem\",\"position\":2,\"name\":\"Promociones\"}]},{\"@type\":\"WebSite\",\"@id\":\"https:\\\/\\\/lahuertaproject.com\\\/#website\",\"url\":\"https:\\\/\\\/lahuertaproject.com\\\/\",\"name\":\"La Huerta Project\",\"description\":\"Caba&ntilde;as de Renta en la Sierra de Arteaga\",\"publisher\":{\"@id\":\"https:\\\/\\\/lahuertaproject.com\\\/#organization\"},\"potentialAction\":[{\"@type\":\"SearchAction\",\"target\":{\"@type\":\"EntryPoint\",\"urlTemplate\":\"https:\\\/\\\/lahuertaproject.com\\\/?s={search_term_string}\"},\"query-input\":{\"@type\":\"PropertyValueSpecification\",\"valueRequired\":true,\"valueName\":\"search_term_string\"}}],\"inLanguage\":\"es\"},{\"@type\":\"Organization\",\"@id\":\"https:\\\/\\\/lahuertaproject.com\\\/#organization\",\"name\":\"La Huerta Project\",\"url\":\"https:\\\/\\\/lahuertaproject.com\\\/\",\"logo\":{\"@type\":\"ImageObject\",\"inLanguage\":\"es\",\"@id\":\"https:\\\/\\\/lahuertaproject.com\\\/#\\\/schema\\\/logo\\\/image\\\/\",\"url\":\"https:\\\/\\\/lahuertaproject.com\\\/wp-content\\\/uploads\\\/2024\\\/04\\\/cropped-3-1.png\",\"contentUrl\":\"https:\\\/\\\/lahuertaproject.com\\\/wp-content\\\/uploads\\\/2024\\\/04\\\/cropped-3-1.png\",\"width\":500,\"height\":254,\"caption\":\"La Huerta Project\"},\"image\":{\"@id\":\"https:\\\/\\\/lahuertaproject.com\\\/#\\\/schema\\\/logo\\\/image\\\/\"}}]}<\/script>\n<!-- \/ Yoast SEO plugin. -->","yoast_head_json":{"title":"Promociones - La Huerta Project","robots":{"index":"index","follow":"follow","max-snippet":"max-snippet:-1","max-image-preview":"max-image-preview:large","max-video-preview":"max-video-preview:-1"},"canonical":"https:\/\/lahuertaproject.com\/es\/promociones\/","og_locale":"es_ES","og_type":"article","og_title":"Promociones - La Huerta Project","og_description":"PROMOCIONES Disfruta tu estancia a un precio especial Recibe un 20% de descuento en la reserva de 2 noches o m\u00e1s Promociones no acumulables, no v\u00e1lidas en d\u00edas festivos y no aplicables para estancias durante Semana Santa y el mes de Diciembre","og_url":"https:\/\/lahuertaproject.com\/es\/promociones\/","og_site_name":"La Huerta Project","article_modified_time":"2024-04-18T01:58:36+00:00","og_image":[{"url":"https:\/\/lahuertaproject.com\/wp-content\/uploads\/elementor\/thumbs\/6e524810-1d0b-4ad6-b0d5-c26a49ca454d-1-1-scaled-qmuqszcctvwkikt28ukkv08pn5r9g46nsj07ob19ww.jpg","type":"","width":"","height":""}],"twitter_card":"summary_large_image","twitter_misc":{"Tiempo de lectura":"1 minuto"},"schema":{"@context":"https:\/\/schema.org","@graph":[{"@type":"WebPage","@id":"https:\/\/lahuertaproject.com\/promociones\/","url":"https:\/\/lahuertaproject.com\/promociones\/","name":"Promociones - La Huerta Project","isPartOf":{"@id":"https:\/\/lahuertaproject.com\/#website"},"primaryImageOfPage":{"@id":"https:\/\/lahuertaproject.com\/promociones\/#primaryimage"},"image":{"@id":"https:\/\/lahuertaproject.com\/promociones\/#primaryimage"},"thumbnailUrl":"https:\/\/lahuertaproject.com\/wp-content\/uploads\/elementor\/thumbs\/6e524810-1d0b-4ad6-b0d5-c26a49ca454d-1-1-scaled-qmuqszcctvwkikt28ukkv08pn5r9g46nsj07ob19ww.jpg","datePublished":"2024-04-17T05:37:55+00:00","dateModified":"2024-04-18T01:58:36+00:00","breadcrumb":{"@id":"https:\/\/lahuertaproject.com\/promociones\/#breadcrumb"},"inLanguage":"es","potentialAction":[{"@type":"ReadAction","target":["https:\/\/lahuertaproject.com\/promociones\/"]}]},{"@type":"ImageObject","inLanguage":"es","@id":"https:\/\/lahuertaproject.com\/promociones\/#primaryimage","url":"https:\/\/lahuertaproject.com\/wp-content\/uploads\/elementor\/thumbs\/6e524810-1d0b-4ad6-b0d5-c26a49ca454d-1-1-scaled-qmuqszcctvwkikt28ukkv08pn5r9g46nsj07ob19ww.jpg","contentUrl":"https:\/\/lahuertaproject.com\/wp-content\/uploads\/elementor\/thumbs\/6e524810-1d0b-4ad6-b0d5-c26a49ca454d-1-1-scaled-qmuqszcctvwkikt28ukkv08pn5r9g46nsj07ob19ww.jpg"},{"@type":"BreadcrumbList","@id":"https:\/\/lahuertaproject.com\/promociones\/#breadcrumb","itemListElement":[{"@type":"ListItem","position":1,"name":"Portada","item":"https:\/\/lahuertaproject.com\/"},{"@type":"ListItem","position":2,"name":"Promociones"}]},{"@type":"WebSite","@id":"https:\/\/lahuertaproject.com\/#website","url":"https:\/\/lahuertaproject.com\/","name":"La Huerta Project","description":"Caba&ntilde;as de Renta en la Sierra de Arteaga","publisher":{"@id":"https:\/\/lahuertaproject.com\/#organization"},"potentialAction":[{"@type":"SearchAction","target":{"@type":"EntryPoint","urlTemplate":"https:\/\/lahuertaproject.com\/?s={search_term_string}"},"query-input":{"@type":"PropertyValueSpecification","valueRequired":true,"valueName":"search_term_string"}}],"inLanguage":"es"},{"@type":"Organization","@id":"https:\/\/lahuertaproject.com\/#organization","name":"La Huerta Project","url":"https:\/\/lahuertaproject.com\/","logo":{"@type":"ImageObject","inLanguage":"es","@id":"https:\/\/lahuertaproject.com\/#\/schema\/logo\/image\/","url":"https:\/\/lahuertaproject.com\/wp-content\/uploads\/2024\/04\/cropped-3-1.png","contentUrl":"https:\/\/lahuertaproject.com\/wp-content\/uploads\/2024\/04\/cropped-3-1.png","width":500,"height":254,"caption":"La Huerta Project"},"image":{"@id":"https:\/\/lahuertaproject.com\/#\/schema\/logo\/image\/"}}]}},"_links":{"self":[{"href":"https:\/\/lahuertaproject.com\/es\/wp-json\/wp\/v2\/pages\/2382","targetHints":{"allow":["GET"]}}],"collection":[{"href":"https:\/\/lahuertaproject.com\/es\/wp-json\/wp\/v2\/pages"}],"about":[{"href":"https:\/\/lahuertaproject.com\/es\/wp-json\/wp\/v2\/types\/page"}],"author":[{"embeddable":true,"href":"https:\/\/lahuertaproject.com\/es\/wp-json\/wp\/v2\/users\/1"}],"replies":[{"embeddable":true,"href":"https:\/\/lahuertaproject.com\/es\/wp-json\/wp\/v2\/comments?post=2382"}],"version-history":[{"count":28,"href":"https:\/\/lahuertaproject.com\/es\/wp-json\/wp\/v2\/pages\/2382\/revisions"}],"predecessor-version":[{"id":2635,"href":"https:\/\/lahuertaproject.com\/es\/wp-json\/wp\/v2\/pages\/2382\/revisions\/2635"}],"wp:attachment":[{"href":"https:\/\/lahuertaproject.com\/es\/wp-json\/wp\/v2\/media?parent=2382"}],"curies":[{"name":"wp","href":"https:\/\/api.w.org\/{rel}","templated":true}]}}